{"id":534,"date":"2021-08-18T11:25:43","date_gmt":"2021-08-18T09:25:43","guid":{"rendered":"http:\/\/puglisi.pro\/?page_id=534"},"modified":"2021-08-20T17:05:36","modified_gmt":"2021-08-20T15:05:36","slug":"mentions-legales","status":"publish","type":"page","link":"https:\/\/puglisi.pro\/index.php\/mentions-legales\/","title":{"rendered":"Mentions l\u00e9gales"},"content":{"rendered":"<p><main id=\"site-content\"><\/p>\n<div class=\"content section-inner\">\n<div id=\"post-2992\" class=\"single single-post post-2992 page type-page status-publish hentry\">\n<div class=\"post-container\">\n<div class=\"post-inner\">\n<div class=\"post-content entry-content\">\n<p>Ce site est \u00e9dit\u00e9 par : Orazio Puglisi<\/p>\n<p>Professeur F\u00e9d\u00e9ration Fran\u00e7aise Echecs<\/p>\n<p><strong>Adresse :<\/strong><\/p>\n<p>5,Traverse Ismael 13007 Marseille<br \/>\nT\u00e9l. : 06 14 35 15 52<\/p>\n<p>&nbsp;<\/p>\n<p><strong>Directeur de publication : Orazio Puglisi<\/strong><\/p>\n<p><strong>Directeur \u00e9ditorial :<\/strong>&nbsp;Orazio Puglisi<\/p>\n<p><strong>Coordonn\u00e9es de l\u2019h\u00e9bergeur :<\/strong><br \/>\nOVH<br \/>\n2 rue Kellermann<br \/>\nBP 80157<br \/>\n59100 Roubaix<br \/>\nFrance<\/p>\n<p>T\u00e9l\u00e9phone : 0899 701 761 (1.349 \u20ac TTC l\u2019appel, et 0.337 \u20ac TTC\/mn) \u2013 Fax : + 33 (0) 3 20 20 09 58<\/p>\n<p>Site Internet :&nbsp;<a href=\"http:\/\/www.ovh.com\/\">www.ovh.com<\/a>&nbsp;\u2013 Hotline :&nbsp;<a href=\"http:\/\/ovh.com\/fr\/contact\/support\/\">http:\/\/ovh.com\/fr\/contact\/support\/<\/a><a href=\"http:\/\/ovh.com\/fr\/contact\/support\/\"><br \/>\n<\/a><\/p>\n<p>\n<strong>Responsabilit\u00e9s :<\/strong><\/p>\n<p style=\"text-align: justify;\">Les utilisateurs acc\u00e8dent \u00e0 ce site \u00e0 leurs seuls risques. Nous ne pouvons \u00eatre tenus pour responsables d\u2019\u00e9ventuels dommages pouvant d\u00e9couler de votre acc\u00e8s ou utilisation du site ou du t\u00e9l\u00e9chargement de donn\u00e9es en provenance de ce site.<\/p>\n<p style=\"text-align: justify;\">Le site d\u2019<strong>Orazio Puglisi<\/strong> propose des liens vers d\u2019autres sites. Il est pr\u00e9cis\u00e9 vers quel site nous vous proposons d\u2019aller. Ces pages, ne font pas partie de la propri\u00e9t\u00e9 d\u2019<strong>Orazio Puglisi<\/strong> et par cons\u00e9quent, elles n\u2019engagent pas la responsabilit\u00e9 de la r\u00e9daction du site qui ne peut \u00eatre tenue pour responsable des contenus. Les sites propos\u00e9s ne visent qu\u2019\u00e0 permettre \u00e0 l\u2019internaute d\u2019acc\u00e9der plus facilement \u00e0 d\u2019autres ressources documentaires sur le sujet consult\u00e9.<\/p>\n<p style=\"text-align: justify;\">La mise en place d\u2019un lien vers notre site n\u00e9cessite une autorisation pr\u00e9alable \u00e9crite de notre part. Vous pouvez vous adresser au webmaster : <strong>puglisiorazio@wanadoo.fr<\/strong><\/p>\n<p style=\"text-align: justify;\">Lorsque des donn\u00e9es pr\u00e9sentes sur le site d\u2019Orazio Puglisi ont un caract\u00e8re nominatif, les utilisateurs doivent en faire un usage conforme aux r\u00e9glementations en vigueur et aux recommandations de la Commission Nationale de l\u2019Informatique et des Libert\u00e9s (CNIL).<\/p>\n<p><strong>Donn\u00e9es statistiques et tra\u00e7abilit\u00e9<\/strong>&nbsp;:<\/p>\n<p style=\"text-align: justify;\">Lors de leur navigation sur le site, les internautes laissent des traces informatiques.&nbsp;Dans le but d\u2019am\u00e9liorer l\u2019ergonomie, la navigation, le contenu \u00e9ditorial et le service aux internautes, le gestionnaire des statistiques du site d\u2019<strong>Orazio Puglisi<\/strong> stocke des informations relatives au profil des internautes : \u00e9quipement, navigateur utilis\u00e9, origine g\u00e9ographique, navigation sur le site, fr\u00e9quence des visites, etc. Ces donn\u00e9es de connexion permettent des extractions statistiques.<\/p>\n<p><strong>Demande d\u2019autorisation de reproduction des contenus :<\/strong><\/p>\n<p style=\"text-align: justify;\">En acc\u00e9dant au site d\u2019<strong>Orazio Puglisi<\/strong>, vous acceptez de vous conformer au Code de la Propri\u00e9t\u00e9 Intellectuelle fran\u00e7ais et plus g\u00e9n\u00e9ralement aux trait\u00e9s et accords internationaux comportant des dispositions relatives \u00e0 la protection des droits d\u2019auteur.<\/p>\n<p style=\"text-align: justify;\">Vous vous interdisez \u00e9galement d\u2019introduire des donn\u00e9es, photos ou illustrations sur le site d\u2019<strong>Orazio Puglisi<\/strong> qui modifieraient ou seraient susceptibles de modifier le contenu ou l\u2019apparence des donn\u00e9es, articles, photos, illustrations, s\u00e9quences anim\u00e9es figurant sur le site et par quelques proc\u00e9d\u00e9s que cela soit.<\/p>\n<p style=\"text-align: justify;\">En cas de copie partielle ou int\u00e9grale sur support papier ou sous forme \u00e9lectronique des pages du site d\u2019Orazio Puglisi, vous devrez faire l\u2019objet d\u2019une d\u00e9claration aupr\u00e8s du webmaster : <strong>puglisiorazio@wanadoo.fr<\/strong><\/p>\n<\/div>\n<\/div>\n<div class=\"comments-container\">\n<div id=\"respond\" class=\"comment-respond\">&nbsp;<\/div>\n<\/div>\n<\/div>\n<\/div>\n<\/div>\n<p><\/main><\/p>\n","protected":false},"excerpt":{"rendered":"<p>Ce site est \u00e9dit\u00e9 par : Orazio Puglisi Professeur F\u00e9d\u00e9ration Fran\u00e7aise Echecs Adresse : 5,Traverse Ismael 13007 Marseille T\u00e9l. : 06 14 35 15 52 &nbsp; Directeur de publication : Orazio Puglisi Directeur \u00e9ditorial :&nbsp;Orazio Puglisi Coordonn\u00e9es de l\u2019h\u00e9bergeur : OVH 2 rue Kellermann BP 80157 59100 Roubaix France T\u00e9l\u00e9phone : 0899 701 761 (1.349 [&hellip;]<\/p>\n","protected":false},"author":1,"featured_media":0,"parent":0,"menu_order":0,"comment_status":"closed","ping_status":"closed","template":"","meta":{"footnotes":""},"class_list":["post-534","page","type-page","status-publish","hentry"],"_links":{"self":[{"href":"https:\/\/puglisi.pro\/index.php\/wp-json\/wp\/v2\/pages\/534","targetHints":{"allow":["GET"]}}],"collection":[{"href":"https:\/\/puglisi.pro\/index.php\/wp-json\/wp\/v2\/pages"}],"about":[{"href":"https:\/\/puglisi.pro\/index.php\/wp-json\/wp\/v2\/types\/page"}],"author":[{"embeddable":true,"href":"https:\/\/puglisi.pro\/index.php\/wp-json\/wp\/v2\/users\/1"}],"replies":[{"embeddable":true,"href":"https:\/\/puglisi.pro\/index.php\/wp-json\/wp\/v2\/comments?post=534"}],"version-history":[{"count":3,"href":"https:\/\/puglisi.pro\/index.php\/wp-json\/wp\/v2\/pages\/534\/revisions"}],"predecessor-version":[{"id":1184,"href":"https:\/\/puglisi.pro\/index.php\/wp-json\/wp\/v2\/pages\/534\/revisions\/1184"}],"wp:attachment":[{"href":"https:\/\/puglisi.pro\/index.php\/wp-json\/wp\/v2\/media?parent=534"}],"curies":[{"name":"wp","href":"https:\/\/api.w.org\/{rel}","templated":true}]}}